{"id":57,"date":"2026-05-11T17:48:09","date_gmt":"2026-05-11T17:48:09","guid":{"rendered":"https:\/\/dermafokusz.elysiumflux.eu\/?page_id=57"},"modified":"2026-05-11T17:48:09","modified_gmt":"2026-05-11T17:48:09","slug":"rossz-borapolasi-termekek-kiszurese","status":"publish","type":"page","link":"https:\/\/dermafokusz.elysiumflux.eu\/?page_id=57","title":{"rendered":"Rossz b\u0151r\u00e1pol\u00e1si term\u00e9kek kisz\u0171r\u00e9se"},"content":{"rendered":"    <section class=\"derma-hero derma-element-water\">\r\n        <div class=\"derma-hero-orb derma-hero-orb-one\"><\/div>\r\n        <div class=\"derma-hero-orb derma-hero-orb-two\"><\/div>\r\n\r\n        <div class=\"derma-container derma-hero-inner\">\r\n            <div class=\"derma-hero-kicker\">Dermaf\u00f3kusz szakmai tan\u00e1csad\u00e1s<\/div>\r\n            <h1>Rossz b\u0151r\u00e1pol\u00e1si term\u00e9kek kisz\u0171r\u00e9se<\/h1>\r\n\r\n            \r\n            <div class=\"derma-hero-actions\">\r\n                <a href=\"https:\/\/dermafokusz.elysiumflux.eu\/tanacsadast-kerek\/\" class=\"derma-btn derma-btn-primary\">Tan\u00e1csad\u00e1st k\u00e9rek<\/a>\r\n                <a href=\"https:\/\/dermafokusz.elysiumflux.eu\/tudastar\/\" class=\"derma-btn derma-btn-ghost\">Tud\u00e1st\u00e1r<\/a>\r\n            <\/div>\r\n        <\/div>\r\n    <\/section>\r\n    \n<section class=\"derma-content-section\"><div class=\"derma-container\"><div class=\"derma-schema-box\"><\/p>\n<h2>Rossz b\u0151r\u00e1pol\u00e1si term\u00e9kek kisz\u0171r\u00e9se<\/h2>\n<p>Ez az oldal a(z) <strong>Rossz b\u0151r\u00e1pol\u00e1si term\u00e9kek kisz\u0171r\u00e9se<\/strong> t\u00e9m\u00e1t dolgozza fel szakmai, keres\u0151optimaliz\u00e1lt strukt\u00far\u00e1ban.<\/p>\n<p><\/div><\/div><\/section>\n","protected":false},"excerpt":{"rendered":"","protected":false},"author":1,"featured_media":0,"parent":50,"menu_order":0,"comment_status":"closed","ping_status":"closed","template":"","meta":{"footnotes":""},"class_list":["post-57","page","type-page","status-publish","hentry"],"_links":{"self":[{"href":"https:\/\/dermafokusz.elysiumflux.eu\/index.php?rest_route=\/wp\/v2\/pages\/57","targetHints":{"allow":["GET"]}}],"collection":[{"href":"https:\/\/dermafokusz.elysiumflux.eu\/index.php?rest_route=\/wp\/v2\/pages"}],"about":[{"href":"https:\/\/dermafokusz.elysiumflux.eu\/index.php?rest_route=\/wp\/v2\/types\/page"}],"author":[{"embeddable":true,"href":"https:\/\/dermafokusz.elysiumflux.eu\/index.php?rest_route=\/wp\/v2\/users\/1"}],"replies":[{"embeddable":true,"href":"https:\/\/dermafokusz.elysiumflux.eu\/index.php?rest_route=%2Fwp%2Fv2%2Fcomments&post=57"}],"version-history":[{"count":0,"href":"https:\/\/dermafokusz.elysiumflux.eu\/index.php?rest_route=\/wp\/v2\/pages\/57\/revisions"}],"up":[{"embeddable":true,"href":"https:\/\/dermafokusz.elysiumflux.eu\/index.php?rest_route=\/wp\/v2\/pages\/50"}],"wp:attachment":[{"href":"https:\/\/dermafokusz.elysiumflux.eu\/index.php?rest_route=%2Fwp%2Fv2%2Fmedia&parent=57"}],"curies":[{"name":"wp","href":"https:\/\/api.w.org\/{rel}","templated":true}]}}