{"id":29,"date":"2026-05-11T17:48:09","date_gmt":"2026-05-11T17:48:09","guid":{"rendered":"https:\/\/dermafokusz.elysiumflux.eu\/?page_id=29"},"modified":"2026-05-11T17:48:09","modified_gmt":"2026-05-11T17:48:09","slug":"tag-porusok-kezelese","status":"publish","type":"page","link":"https:\/\/dermafokusz.elysiumflux.eu\/?page_id=29","title":{"rendered":"T\u00e1g p\u00f3rusok kezel\u00e9se"},"content":{"rendered":"    <section class=\"derma-hero derma-element-water\">\r\n        <div class=\"derma-hero-orb derma-hero-orb-one\"><\/div>\r\n        <div class=\"derma-hero-orb derma-hero-orb-two\"><\/div>\r\n\r\n        <div class=\"derma-container derma-hero-inner\">\r\n            <div class=\"derma-hero-kicker\">Dermaf\u00f3kusz szakmai tan\u00e1csad\u00e1s<\/div>\r\n            <h1>T\u00e1g p\u00f3rusok kezel\u00e9se<\/h1>\r\n\r\n            \r\n            <div class=\"derma-hero-actions\">\r\n                <a href=\"https:\/\/dermafokusz.elysiumflux.eu\/tanacsadast-kerek\/\" class=\"derma-btn derma-btn-primary\">Tan\u00e1csad\u00e1st k\u00e9rek<\/a>\r\n                <a href=\"https:\/\/dermafokusz.elysiumflux.eu\/tudastar\/\" class=\"derma-btn derma-btn-ghost\">Tud\u00e1st\u00e1r<\/a>\r\n            <\/div>\r\n        <\/div>\r\n    <\/section>\r\n    \n<section class=\"derma-content-section\"><div class=\"derma-container\"><div class=\"derma-schema-box\"><\/p>\n<h2>T\u00e1g p\u00f3rusok kezel\u00e9se<\/h2>\n<p>Ez az oldal a(z) <strong>T\u00e1g p\u00f3rusok kezel\u00e9se<\/strong> t\u00e9m\u00e1t dolgozza fel szakmai, keres\u0151optimaliz\u00e1lt strukt\u00far\u00e1ban.<\/p>\n<p><\/div><\/div><\/section>\n","protected":false},"excerpt":{"rendered":"","protected":false},"author":1,"featured_media":0,"parent":24,"menu_order":0,"comment_status":"closed","ping_status":"closed","template":"","meta":{"footnotes":""},"class_list":["post-29","page","type-page","status-publish","hentry"],"_links":{"self":[{"href":"https:\/\/dermafokusz.elysiumflux.eu\/index.php?rest_route=\/wp\/v2\/pages\/29","targetHints":{"allow":["GET"]}}],"collection":[{"href":"https:\/\/dermafokusz.elysiumflux.eu\/index.php?rest_route=\/wp\/v2\/pages"}],"about":[{"href":"https:\/\/dermafokusz.elysiumflux.eu\/index.php?rest_route=\/wp\/v2\/types\/page"}],"author":[{"embeddable":true,"href":"https:\/\/dermafokusz.elysiumflux.eu\/index.php?rest_route=\/wp\/v2\/users\/1"}],"replies":[{"embeddable":true,"href":"https:\/\/dermafokusz.elysiumflux.eu\/index.php?rest_route=%2Fwp%2Fv2%2Fcomments&post=29"}],"version-history":[{"count":0,"href":"https:\/\/dermafokusz.elysiumflux.eu\/index.php?rest_route=\/wp\/v2\/pages\/29\/revisions"}],"up":[{"embeddable":true,"href":"https:\/\/dermafokusz.elysiumflux.eu\/index.php?rest_route=\/wp\/v2\/pages\/24"}],"wp:attachment":[{"href":"https:\/\/dermafokusz.elysiumflux.eu\/index.php?rest_route=%2Fwp%2Fv2%2Fmedia&parent=29"}],"curies":[{"name":"wp","href":"https:\/\/api.w.org\/{rel}","templated":true}]}}